{"id":306,"date":"2024-04-08T14:57:51","date_gmt":"2024-04-08T12:57:51","guid":{"rendered":"https:\/\/dopravia.eu\/?page_id=306"},"modified":"2024-05-06T15:48:19","modified_gmt":"2024-05-06T13:48:19","slug":"obchodne-podmienky","status":"publish","type":"page","link":"http:\/\/dopravia.eu\/en\/obchodne-podmienky\/","title":{"rendered":"Terms and Conditions"},"content":{"rendered":"<div data-elementor-type=\"wp-page\" data-elementor-id=\"306\" class=\"elementor elementor-306\" data-elementor-post-type=\"page\">\n\t\t\t\t<div class=\"elementor-element elementor-element-7258166 e-con-full e-flex e-con e-parent\" data-id=\"7258166\" data-element_type=\"container\">\n\t\t\t\t<div class=\"elementor-element elementor-element-23c510a elementor-widget elementor-widget-shortcode\" data-id=\"23c510a\" data-element_type=\"widget\" data-widget_type=\"shortcode.default\">\n\t\t\t\t<div class=\"elementor-widget-container\">\n\t\t\t\t\t<div class=\"elementor-shortcode\">\t\t<div data-elementor-type=\"container\" data-elementor-id=\"428\" class=\"elementor elementor-428\" data-elementor-post-type=\"elementor_library\">\n\t\t\t\t<div class=\"elementor-element elementor-element-23adda50 e-flex e-con-boxed e-con e-parent\" data-id=\"23adda50\" data-element_type=\"container\" data-settings=\"{&quot;background_background&quot;:&quot;classic&quot;}\">\n\t\t\t\t\t<div class=\"e-con-inner\">\n\t\t\t\t\t<\/div>\n\t\t\t\t<\/div>\n\t\t\t\t<\/div>\n\t\t<\/div>\n\t\t\t\t<\/div>\n\t\t\t\t<\/div>\n\t\t\t\t<\/div>\n\t\t<div class=\"elementor-element elementor-element-63649f6 e-flex e-con-boxed e-con e-parent\" data-id=\"63649f6\" data-element_type=\"container\">\n\t\t\t\t\t<div class=\"e-con-inner\">\n\t\t<div class=\"elementor-element elementor-element-a3aae07 e-con-full e-flex e-con e-child\" data-id=\"a3aae07\" data-element_type=\"container\">\n\t\t\t\t<div class=\"elementor-element elementor-element-91b08c7 elementor-widget elementor-widget-text-editor\" data-id=\"91b08c7\" data-element_type=\"widget\" data-widget_type=\"text-editor.default\">\n\t\t\t\t<div class=\"elementor-widget-container\">\n\t\t\t<style>\/*! elementor - v3.23.0 - 15-07-2024 *\/\n.elementor-widget-text-editor.elementor-drop-cap-view-stacked .elementor-drop-cap{background-color:#69727d;color:#fff}.elementor-widget-text-editor.elementor-drop-cap-view-framed .elementor-drop-cap{color:#69727d;border:3px solid;background-color:transparent}.elementor-widget-text-editor:not(.elementor-drop-cap-view-default) .elementor-drop-cap{margin-top:8px}.elementor-widget-text-editor:not(.elementor-drop-cap-view-default) .elementor-drop-cap-letter{width:1em;height:1em}.elementor-widget-text-editor .elementor-drop-cap{float:left;text-align:center;line-height:1;font-size:50px}.elementor-widget-text-editor .elementor-drop-cap-letter{display:inline-block}<\/style>\t\t\t\t<p>Dear business partner. For a sincere and open cooperation you need to set up all the conditions that you will find in this section:<\/p>\t\t\t\t\t\t<\/div>\n\t\t\t\t<\/div>\n\t\t<div class=\"elementor-element elementor-element-63a5126 e-con-full e-flex e-con e-child\" data-id=\"63a5126\" data-element_type=\"container\">\n\t\t<div class=\"elementor-element elementor-element-03598fe e-con-full e-flex e-con e-child\" data-id=\"03598fe\" data-element_type=\"container\" data-settings=\"{&quot;background_background&quot;:&quot;classic&quot;}\">\n\t\t\t\t<div class=\"elementor-element elementor-element-8f03eae elementor-widget elementor-widget-heading\" data-id=\"8f03eae\" data-element_type=\"widget\" data-widget_type=\"heading.default\">\n\t\t\t\t<div class=\"elementor-widget-container\">\n\t\t\t<style>\/*! elementor - v3.23.0 - 15-07-2024 *\/\n.elementor-heading-title{padding:0;margin:0;line-height:1}.elementor-widget-heading .elementor-heading-title[class*=elementor-size-]>a{color:inherit;font-size:inherit;line-height:inherit}.elementor-widget-heading .elementor-heading-title.elementor-size-small{font-size:15px}.elementor-widget-heading .elementor-heading-title.elementor-size-medium{font-size:19px}.elementor-widget-heading .elementor-heading-title.elementor-size-large{font-size:29px}.elementor-widget-heading .elementor-heading-title.elementor-size-xl{font-size:39px}.elementor-widget-heading .elementor-heading-title.elementor-size-xxl{font-size:59px}<\/style><h4 class=\"elementor-heading-title elementor-size-default\">GENERAL TERMS AND CONDITIONS OF THE FREIGHT FORWARDER<\/h4>\t\t<\/div>\n\t\t\t\t<\/div>\n\t\t\t\t<div class=\"elementor-element elementor-element-3554d28 elementor-widget elementor-widget-button\" data-id=\"3554d28\" data-element_type=\"widget\" data-widget_type=\"button.default\">\n\t\t\t\t<div class=\"elementor-widget-container\">\n\t\t\t\t\t<div class=\"elementor-button-wrapper\">\n\t\t\t<a class=\"elementor-button elementor-button-link elementor-size-sm\" href=\"http:\/\/dopravia.eu\/en\/obchodne-podmienky-zasielatel\/\">\n\t\t\t\t\t\t<span class=\"elementor-button-content-wrapper\">\n\t\t\t\t\t\t\t\t\t<span class=\"elementor-button-text\">Show more<\/span>\n\t\t\t\t\t<\/span>\n\t\t\t\t\t<\/a>\n\t\t<\/div>\n\t\t\t\t<\/div>\n\t\t\t\t<\/div>\n\t\t\t\t<\/div>\n\t\t<div class=\"elementor-element elementor-element-fd2e5e4 e-con-full e-flex e-con e-child\" data-id=\"fd2e5e4\" data-element_type=\"container\" data-settings=\"{&quot;background_background&quot;:&quot;classic&quot;}\">\n\t\t\t\t<div class=\"elementor-element elementor-element-c519310 elementor-widget elementor-widget-heading\" data-id=\"c519310\" data-element_type=\"widget\" data-widget_type=\"heading.default\">\n\t\t\t\t<div class=\"elementor-widget-container\">\n\t\t\t<h4 class=\"elementor-heading-title elementor-size-default\">GENERAL TERMS AND CONDITIONS OF THE SENDER<\/h4>\t\t<\/div>\n\t\t\t\t<\/div>\n\t\t\t\t<div class=\"elementor-element elementor-element-85addd7 elementor-widget elementor-widget-button\" data-id=\"85addd7\" data-element_type=\"widget\" data-widget_type=\"button.default\">\n\t\t\t\t<div class=\"elementor-widget-container\">\n\t\t\t\t\t<div class=\"elementor-button-wrapper\">\n\t\t\t<a class=\"elementor-button elementor-button-link elementor-size-sm\" href=\"http:\/\/dopravia.eu\/en\/obchodne-podmienky-odosielatel\/\">\n\t\t\t\t\t\t<span class=\"elementor-button-content-wrapper\">\n\t\t\t\t\t\t\t\t\t<span class=\"elementor-button-text\">Show more<\/span>\n\t\t\t\t\t<\/span>\n\t\t\t\t\t<\/a>\n\t\t<\/div>\n\t\t\t\t<\/div>\n\t\t\t\t<\/div>\n\t\t\t\t<\/div>\n\t\t\t\t<\/div>\n\t\t<div class=\"elementor-element elementor-element-2208436 e-con-full e-flex e-con e-child\" data-id=\"2208436\" data-element_type=\"container\">\n\t\t\t\t<div class=\"elementor-element elementor-element-807494d elementor-widget elementor-widget-heading\" data-id=\"807494d\" data-element_type=\"widget\" data-widget_type=\"heading.default\">\n\t\t\t\t<div class=\"elementor-widget-container\">\n\t\t\t<div class=\"elementor-heading-title elementor-size-default\">Download the Terms and Conditions (PDF format):<\/div>\t\t<\/div>\n\t\t\t\t<\/div>\n\t\t\t\t<\/div>\n\t\t<div class=\"elementor-element elementor-element-1d56639 e-con-full e-flex e-con e-child\" data-id=\"1d56639\" data-element_type=\"container\">\n\t\t<div class=\"elementor-element elementor-element-bbc9d1e e-con-full e-flex e-con e-child\" data-id=\"bbc9d1e\" data-element_type=\"container\" data-settings=\"{&quot;background_background&quot;:&quot;classic&quot;}\">\n\t\t\t\t<div class=\"elementor-element elementor-element-217c550 elementor-widget elementor-widget-heading\" data-id=\"217c550\" data-element_type=\"widget\" data-widget_type=\"heading.default\">\n\t\t\t\t<div class=\"elementor-widget-container\">\n\t\t\t<h4 class=\"elementor-heading-title elementor-size-default\">GENERAL TERMS AND CONDITIONS OF THE CARRIER (PDF format)<\/h4>\t\t<\/div>\n\t\t\t\t<\/div>\n\t\t\t\t<div class=\"elementor-element elementor-element-520ee19 elementor-widget elementor-widget-button\" data-id=\"520ee19\" data-element_type=\"widget\" data-widget_type=\"button.default\">\n\t\t\t\t<div class=\"elementor-widget-container\">\n\t\t\t\t\t<div class=\"elementor-button-wrapper\">\n\t\t\t<a class=\"elementor-button elementor-button-link elementor-size-sm\" href=\"https:\/\/dopravia.eu\/wp-content\/uploads\/2024\/04\/dopravia-vop-dopravca.pdf\" target=\"_blank\">\n\t\t\t\t\t\t<span class=\"elementor-button-content-wrapper\">\n\t\t\t\t\t\t\t\t\t<span class=\"elementor-button-text\">Show more<\/span>\n\t\t\t\t\t<\/span>\n\t\t\t\t\t<\/a>\n\t\t<\/div>\n\t\t\t\t<\/div>\n\t\t\t\t<\/div>\n\t\t\t\t<\/div>\n\t\t<div class=\"elementor-element elementor-element-832d41e e-con-full e-flex e-con e-child\" data-id=\"832d41e\" data-element_type=\"container\" data-settings=\"{&quot;background_background&quot;:&quot;classic&quot;}\">\n\t\t\t\t<div class=\"elementor-element elementor-element-c8cff43 elementor-widget elementor-widget-heading\" data-id=\"c8cff43\" data-element_type=\"widget\" data-widget_type=\"heading.default\">\n\t\t\t\t<div class=\"elementor-widget-container\">\n\t\t\t<h4 class=\"elementor-heading-title elementor-size-default\">GENERAL TERMS AND CONDITIONS OF SENDER (PDF format)<\/h4>\t\t<\/div>\n\t\t\t\t<\/div>\n\t\t\t\t<div class=\"elementor-element elementor-element-13291ab elementor-widget elementor-widget-button\" data-id=\"13291ab\" data-element_type=\"widget\" data-widget_type=\"button.default\">\n\t\t\t\t<div class=\"elementor-widget-container\">\n\t\t\t\t\t<div class=\"elementor-button-wrapper\">\n\t\t\t<a class=\"elementor-button elementor-button-link elementor-size-sm\" href=\"https:\/\/dopravia.eu\/wp-content\/uploads\/2024\/04\/dopravia-vop-odosielatel.pdf\" target=\"_blank\">\n\t\t\t\t\t\t<span class=\"elementor-button-content-wrapper\">\n\t\t\t\t\t\t\t\t\t<span class=\"elementor-button-text\">Show more<\/span>\n\t\t\t\t\t<\/span>\n\t\t\t\t\t<\/a>\n\t\t<\/div>\n\t\t\t\t<\/div>\n\t\t\t\t<\/div>\n\t\t\t\t<\/div>\n\t\t\t\t<\/div>\n\t\t\t\t<\/div>\n\t\t\t\t\t<\/div>\n\t\t\t\t<\/div>\n\t\t\t\t<\/div>","protected":false},"excerpt":{"rendered":"<p>V\u00e1\u017een\u00fd obchodn\u00fd partner. Pre \u00faprimn\u00fa a\u00a0otvoren\u00fa spolupr\u00e1cu je potrebn\u00e9 nadstavi\u0165 v\u0161etky\u00a0podmienky, ktor\u00e9 n\u00e1jdete v\u00a0tejto sekcii: V\u0160EOBECN\u00c9 OBCHODN\u00c9 PODMIENKY ZASIELATE\u013dA Zobrazi\u0165 viac V\u0160EOBECN\u00c9 OBCHODN\u00c9 PODMIENKY ODOSIELATE\u013dA Zobrazi\u0165 viac Obchodn\u00e9 podmienky na stiahnutie (form\u00e1t PDF): V\u0160EOBECN\u00c9 OBCHODN\u00c9 PODMIENKY DOPRAVCU (form\u00e1t PDF) Zobrazi\u0165 viac V\u0160EOBECN\u00c9 OBCHODN\u00c9 PODMIENKY ODOSIELATE\u013dA (form\u00e1t PDF) Zobrazi\u0165 viac<\/p>","protected":false},"author":5,"featured_media":0,"parent":0,"menu_order":0,"comment_status":"closed","ping_status":"closed","template":"elementor_header_footer","meta":{"_seopress_robots_primary_cat":"","_seopress_titles_title":"V\u0161eobecn\u00e9 obchodn\u00e9 podmienky %%sep%% %%sitetitle%%","_seopress_titles_desc":"Pre\u010d\u00edtajte si a obozn\u00e1mte sa so V\u0161eobecn\u00fdmi obchodn\u00fdmi podmienkami.","_seopress_robots_index":"","footnotes":""},"class_list":["post-306","page","type-page","status-publish","hentry"],"_links":{"self":[{"href":"http:\/\/dopravia.eu\/en\/wp-json\/wp\/v2\/pages\/306","targetHints":{"allow":["GET"]}}],"collection":[{"href":"http:\/\/dopravia.eu\/en\/wp-json\/wp\/v2\/pages"}],"about":[{"href":"http:\/\/dopravia.eu\/en\/wp-json\/wp\/v2\/types\/page"}],"author":[{"embeddable":true,"href":"http:\/\/dopravia.eu\/en\/wp-json\/wp\/v2\/users\/5"}],"replies":[{"embeddable":true,"href":"http:\/\/dopravia.eu\/en\/wp-json\/wp\/v2\/comments?post=306"}],"version-history":[{"count":0,"href":"http:\/\/dopravia.eu\/en\/wp-json\/wp\/v2\/pages\/306\/revisions"}],"wp:attachment":[{"href":"http:\/\/dopravia.eu\/en\/wp-json\/wp\/v2\/media?parent=306"}],"curies":[{"name":"wp","href":"https:\/\/api.w.org\/{rel}","templated":true}]}}